{"id":64367,"date":"2023-10-25T14:59:10","date_gmt":"2023-10-25T12:59:10","guid":{"rendered":"https:\/\/miradordeatarfe.es\/?page_id=64367"},"modified":"2023-10-25T16:56:53","modified_gmt":"2023-10-25T14:56:53","slug":"64367-2","status":"publish","type":"page","link":"https:\/\/miradordeatarfe.es\/?page_id=64367","title":{"rendered":"Otros Colaboradores"},"content":{"rendered":"\r\n<div class=\"wp-block-media-text is-stacked-on-mobile\" style=\"grid-template-columns: 30% auto;\">\r\n<figure class=\"wp-block-media-text__media\"><a href=\"https:\/\/miradordeatarfe.es\/?cat=6915\"><img data-recalc-dims=\"1\" loading=\"lazy\" decoding=\"async\" class=\"alignnone size-full wp-image-49323\" src=\"https:\/\/i0.wp.com\/miradordeatarfe.es\/wp-content\/uploads\/2021\/10\/img_colabora_jimenez.jpg?resize=139%2C150&#038;ssl=1\" alt=\"\" width=\"139\" height=\"150\" \/><\/a><\/figure>\r\n<div class=\"wp-block-media-text__content\">\r\n<p>Manuel Jim\u00e9nez<br \/>\r\n<a href=\"https:\/\/miradordeatarfe.es\/?cat=6915\"><b><i>+ Art\u00edculos<\/i><\/b><\/a><\/p>\r\n<\/div>\r\n<\/div>\r\n\r\n<p>&nbsp;<\/p>\r\n\r\n<div class=\"wp-block-media-text is-stacked-on-mobile\" style=\"grid-template-columns: 30% auto;\">\r\n<figure class=\"wp-block-media-text__media\"><a href=\"https:\/\/miradordeatarfe.es\/?cat=37\"><img data-recalc-dims=\"1\" loading=\"lazy\" decoding=\"async\" class=\"alignnone size-full wp-image-51871\" src=\"https:\/\/i0.wp.com\/miradordeatarfe.es\/wp-content\/uploads\/2022\/01\/img_colabora_sierra.jpg?resize=139%2C150&#038;ssl=1\" alt=\"\" width=\"139\" height=\"150\" \/><\/a><\/figure>\r\n<div class=\"wp-block-media-text__content\">\r\n<p>Manuel Sierra<br \/>\r\n<a href=\"https:\/\/miradordeatarfe.es\/?cat=37\"><b><i>+ Art\u00edculos<\/i><\/b><\/a><\/p>\r\n<\/div>\r\n<\/div>\r\n\r\n<p>&nbsp;<\/p>\r\n\r\n<div class=\"wp-block-media-text is-stacked-on-mobile\" style=\"grid-template-columns: 30% auto;\">\r\n<figure class=\"wp-block-media-text__media\"><a href=\"https:\/\/miradordeatarfe.es\/?cat=7244\"><img data-recalc-dims=\"1\" loading=\"lazy\" decoding=\"async\" class=\"alignnone size-full wp-image-49327\" src=\"https:\/\/i0.wp.com\/miradordeatarfe.es\/wp-content\/uploads\/2021\/10\/img_colabora_serra.jpg?resize=139%2C150&#038;ssl=1\" alt=\"\" width=\"139\" height=\"150\" \/><\/a><\/figure>\r\n<div class=\"wp-block-media-text__content\">\r\n<p>Mar\u00eda Serra<br \/>\r\n<a href=\"https:\/\/miradordeatarfe.es\/?cat=7244\"><b><i>+ Art\u00edculos<\/i><\/b><\/a><\/p>\r\n<\/div>\r\n<\/div>\r\n\r\n<p>&nbsp;<\/p>\r\n\r\n<div class=\"wp-block-media-text is-stacked-on-mobile\" style=\"grid-template-columns: 30% auto;\">\r\n<figure class=\"wp-block-media-text__media\"><a href=\"https:\/\/miradordeatarfe.es\/?cat=36\"><img data-recalc-dims=\"1\" loading=\"lazy\" decoding=\"async\" class=\"alignnone size-full wp-image-51870\" src=\"https:\/\/i0.wp.com\/miradordeatarfe.es\/wp-content\/uploads\/2022\/01\/img_colabora_juanalfredo-1.jpg?resize=139%2C150&#038;ssl=1\" alt=\"\" width=\"139\" height=\"150\" \/><\/a><\/figure>\r\n<div class=\"wp-block-media-text__content\">\r\n<p>Juan Aldredo Bell\u00f3n<br \/>\r\n<a href=\"https:\/\/miradordeatarfe.es\/?cat=36\"><b><i>+ Art\u00edculos<\/i><\/b><\/a><\/p>\r\n<\/div>\r\n<\/div>\r\n\r\n<p>&nbsp;<\/p>\r\n\r\n<div class=\"wp-block-media-text is-stacked-on-mobile\" style=\"grid-template-columns: 30% auto;\">\r\n<figure class=\"wp-block-media-text__media\"><a href=\"https:\/\/miradordeatarfe.es\/?cat=3130\"><img data-recalc-dims=\"1\" loading=\"lazy\" decoding=\"async\" class=\"alignnone size-full wp-image-51872\" src=\"https:\/\/i0.wp.com\/miradordeatarfe.es\/wp-content\/uploads\/2022\/01\/img_colabora_juandedios.jpg?resize=139%2C150&#038;ssl=1\" alt=\"\" width=\"139\" height=\"150\" \/><\/a><\/figure>\r\n<div class=\"wp-block-media-text__content\">\r\n<p>Juan de Dios Fern\u00e1ndez<br \/>\r\n<a href=\"https:\/\/miradordeatarfe.es\/?cat=3130\"><b><i>+ Art\u00edculos<\/i><\/b><\/a><\/p>\r\n<\/div>\r\n<\/div>\r\n","protected":false},"excerpt":{"rendered":"<p>Manuel Jim\u00e9nez + Art\u00edculos &nbsp; Manuel Sierra + Art\u00edculos &nbsp; Mar\u00eda Serra + Art\u00edculos &nbsp;&#8230;<\/p>\n","protected":false},"author":1,"featured_media":0,"parent":0,"menu_order":0,"comment_status":"closed","ping_status":"closed","template":"","meta":{"_coblocks_attr":"","_coblocks_dimensions":"","_coblocks_responsive_height":"","_coblocks_accordion_ie_support":"","jetpack_post_was_ever_published":false,"footnotes":""},"class_list":["post-64367","page","type-page","status-publish","hentry"],"jetpack_likes_enabled":true,"jetpack_sharing_enabled":true,"_links":{"self":[{"href":"https:\/\/miradordeatarfe.es\/index.php?rest_route=\/wp\/v2\/pages\/64367","targetHints":{"allow":["GET"]}}],"collection":[{"href":"https:\/\/miradordeatarfe.es\/index.php?rest_route=\/wp\/v2\/pages"}],"about":[{"href":"https:\/\/miradordeatarfe.es\/index.php?rest_route=\/wp\/v2\/types\/page"}],"author":[{"embeddable":true,"href":"https:\/\/miradordeatarfe.es\/index.php?rest_route=\/wp\/v2\/users\/1"}],"replies":[{"embeddable":true,"href":"https:\/\/miradordeatarfe.es\/index.php?rest_route=%2Fwp%2Fv2%2Fcomments&post=64367"}],"version-history":[{"count":34,"href":"https:\/\/miradordeatarfe.es\/index.php?rest_route=\/wp\/v2\/pages\/64367\/revisions"}],"predecessor-version":[{"id":64370,"href":"https:\/\/miradordeatarfe.es\/index.php?rest_route=\/wp\/v2\/pages\/64367\/revisions\/64370"}],"wp:attachment":[{"href":"https:\/\/miradordeatarfe.es\/index.php?rest_route=%2Fwp%2Fv2%2Fmedia&parent=64367"}],"curies":[{"name":"wp","href":"https:\/\/api.w.org\/{rel}","templated":true}]}}